{"id":72,"date":"2025-11-11T14:08:51","date_gmt":"2025-11-11T14:08:51","guid":{"rendered":"https:\/\/ovuleseed.webs.upv.es\/?page_id=72"},"modified":"2025-12-19T10:44:43","modified_gmt":"2025-12-19T10:44:43","slug":"our-publications","status":"publish","type":"page","link":"https:\/\/ovuleseed.webs.upv.es\/?page_id=72","title":{"rendered":"Our publications"},"content":{"rendered":"\n<p>If you prefer, you can check in <a href=\"https:\/\/orcid.org\/\">https:\/\/orcid.org\/<\/a> for these numbers:<\/p>\n\n\n\n<p><strong>0000-0003-4518-3544<br>0000-0001-9445-2056<br>0000-0001-9755-7726<\/strong><\/p>\n\n\n\n<p><\/p>\n\n\n\n<p><\/p>\n\n\n\n<p>Barro-Trastoy D, G\u00f3mez MD, Tornero P, P\u00e9rez-Amador, MA (2024)<\/p>\n\n\n\n<p><strong>Hormonal regulation of ovule initiation in Arabidopsis.<\/strong><\/p>\n\n\n\n<p>Journal of Plant Growth Regulation doi:10.1007\/s00344-024-11234-w<\/p>\n\n\n\n<hr class=\"wp-block-separator has-alpha-channel-opacity\"\/>\n\n\n\n<p>Gomez MD, Cored I, Barro-Trastoy D, Sanchez-Matilla J, Tornero P, Perez-Amador MA (2023)<\/p>\n\n\n\n<p><strong>DELLA proteins positively regulate seed size in Arabidopsis<\/strong><\/p>\n\n\n\n<p>Development doi: 10.1242\/dev.201853<\/p>\n\n\n\n<hr class=\"wp-block-separator has-alpha-channel-opacity\"\/>\n\n\n\n<p>Cecilia Martinez-Martinez C, Gonzalo MJ, Sipowicz P, Campos M, Martinez-Fern\u00e1ndez I, Leida C, Zouane M, Alexiou K, Garcia-Mas J, Gomez MD, Tornero P, P\u00e9rez-Amador MA, Esteras C, Pic\u00f3 B, Romero C, Monforte AJ (2022)<\/p>\n\n\n\n<p><strong>A cryptic variation in a member of the Ovate Family Proteins is underlying the melon fruit shape QTL fsqs8.1.<\/strong><\/p>\n\n\n\n<p>Theoretical and Applied Genetics, 135:785-801. DOI: 10.1007\/s00122-021-03998-6<\/p>\n\n\n\n<hr class=\"wp-block-separator has-alpha-channel-opacity\"\/>\n\n\n\n<p>Barro-Trastoy D, Gomez MD, Tornero P, Perez-Amador MA (2022)<\/p>\n\n\n\n<p><strong>Gibberellins regulate ovule number through a DELLA\u2013CUC2 complex in Arabidopsis<\/strong><\/p>\n\n\n\n<p>The Plant Journal, 110:43-57. DOI: 10.1111\/tpj.15607<\/p>\n\n\n\n<hr class=\"wp-block-separator has-alpha-channel-opacity\"\/>\n\n\n\n<p>Ventimilla D, Vel\u00e1zquez K, Ruiz-Ruiz S, Terol J, Peres-Amador MA, Vives MC, Guerri J, Talon M, Tadeo FR. (2021)<\/p>\n\n\n\n<p><strong>IDA (INFLORESCENCE DEFICIENT IN ABSCISSION)-like peptides and HAE (HAESA)-like receptors regulate corolla abscission in Nicotiana benthamiana flowers<\/strong><\/p>\n\n\n\n<p>BMC Plant Biology, 21:226. DOI: 10.1186\/s12870-021-02994-8<\/p>\n\n\n\n<hr class=\"wp-block-separator has-alpha-channel-opacity\"\/>\n\n\n\n<p>Gomez MD, Barro-Trastoy D, Fuster-Almunia C, Tornero P, Alonso JM, Perez-Amador MA (2020)<\/p>\n\n\n\n<p><strong>Gibberellin-mediated RGA-LIKE1 degradation regulates embryo sac development in Arabidopsis<\/strong><\/p>\n\n\n\n<p>Journal of Experimental Botany, 71:7059\u20137072. doi: 10.1093\/jxb\/eraa395<\/p>\n\n\n\n<hr class=\"wp-block-separator has-alpha-channel-opacity\"\/>\n\n\n\n<p>Barro-Trastoy D, Gomez MD, Tornero P, Perez-Amador MA (2020)<\/p>\n\n\n\n<p><strong>On the Way to Ovules: The Hormonal Regulation of Ovule Development<\/strong><\/p>\n\n\n\n<p>Critical Reviews in Plant Science, 39:431-456. doi.org\/10.1080\/07352689.2020.1820203<\/p>\n\n\n\n<hr class=\"wp-block-separator has-alpha-channel-opacity\"\/>\n\n\n\n<p>Barro-Trastoy D, Carrera E, Ba\u00f1os J, Palau-Rodriguez J, Ruiz-Rivero O, Tornero P, Alonso JM, L\u00f3pez-D\u00edaz I, Gomez MD, Perez-Amador MA (2020)<\/p>\n\n\n\n<p><strong>Regulation of ovule initiation by gibberellins and brassinosteroids in tomato and Arabidopsis: two plant species, two molecular mechanisms.<\/strong><\/p>\n\n\n\n<p>The Plant Journal, 102:1026\u20131041. doi: 10.1111\/tpj.14684<\/p>\n\n\n\n<hr class=\"wp-block-separator has-alpha-channel-opacity\"\/>\n\n\n\n<p>Brumos J, Zhao C, Gong Y, Soriano D, Patel AP, PEREZ-AMADOR MA, Stepanova AN, Alonso JM (2019)<\/p>\n\n\n\n<p><strong>An improved recombineering toolset for plants<\/strong><\/p>\n\n\n\n<p>The Plant Cell, 32: 100-122,&nbsp;<a href=\"https:\/\/doi.org\/10.1105\/tpc.19.00431\">https:\/\/doi.org\/10.1105\/tpc.19.00431<\/a><\/p>\n\n\n\n<hr class=\"wp-block-separator has-alpha-channel-opacity\"\/>\n\n\n\n<p>Gomez MD, Fuster-Almunia C; Oca\u00f1a-Cuesta J, Alonso JM, Perez-Amador MA (2019)<\/p>\n\n\n\n<p><strong>RGL2 controls flower development, ovule number and fertility in Arabidopsis<\/strong><\/p>\n\n\n\n<p>Plant Science,&nbsp; 281: 82-92. doi: 10.1016\/j.plantsci.2019.01.014<\/p>\n\n\n\n<hr class=\"wp-block-separator has-alpha-channel-opacity\"\/>\n\n\n\n<p>Alvarez-Ponce D, Ruiz-Gonz\u00e1lez MX, Vera-Sirera F, Feyertag F, Perez-Amador MA, Fares MA (2018)<\/p>\n\n\n\n<p><strong>Arabidopsis Heat Stress-Induced Proteins Are Enriched in Electrostatically Charged Amino Acids and Intrinsically Disordered Regions<\/strong><\/p>\n\n\n\n<p>Int J Mol Sci 19: E2276<\/p>\n\n\n\n<hr class=\"wp-block-separator has-alpha-channel-opacity\"\/>\n\n\n\n<p>Gomez MD, Barro-Trastoy D, Escoms E, Saura-S\u00e1nchez M, S\u00e1nchez I, Briones-Moreno A, Vera-Sirera F, Carrera E, Ripoll JJ, Yanofsky MF, Lopez-Diaz I, Alonso JM, , Perez-Amador MA (2018)<\/p>\n\n\n\n<p><strong>Gibberellins negatively modulate ovule number in plants<\/strong><\/p>\n\n\n\n<p>Development 145, dev163865. doi: 10.1242\/dev.163865<\/p>\n\n\n\n<hr class=\"wp-block-separator has-alpha-channel-opacity\"\/>\n\n\n\n<p>Merelo P, Agust\u00ed J, Arbona V, Costa ML, Estornell LH, G\u00f3mez-Cadenas A, Coimbra S, G\u00f3mez MD, P\u00e9rez-Amador MA, Tal\u00f3n M, Tadeo FR (2017)<\/p>\n\n\n\n<p><strong>Cell wall remodeling in abscission zone cells during ethylene-promoted fruit abscission in citrus<\/strong><\/p>\n\n\n\n<p>Front Plant Sci 8: 126. doi: 10.3389\/fpls.2017.00126<\/p>\n\n\n\n<hr class=\"wp-block-separator has-alpha-channel-opacity\"\/>\n\n\n\n<p>Reig C, Gil-Mu\u00f1oz F, Vera-Sirera F, Garc\u00eda-Lorca A, Mart\u00ednez-Fuentes A, Mesejo C, P\u00e9rez-Amador MA, Agust\u00ed M (2017)<\/p>\n\n\n\n<p><strong>Bud sprouting and floral induction and expression of FT in loquat [Eriobotrya japonica (Thunb.)&nbsp;<\/strong><strong>Lindl<\/strong><\/p>\n\n\n\n<p>Planta 246:915-925<\/p>\n\n\n\n<hr class=\"wp-block-separator has-alpha-channel-opacity\"\/>\n\n\n\n<p>Gimeno-Ferrer F, Pastor-Cantizano N, Bernart-Silvestre C, Selvi-Martinez P, Vera-Sirera F, Gao C, Perez-Amador MA, Jiang L, Aniento F, Marcote MJ (2016)<\/p>\n\n\n\n<p><strong>Alpha2-COP is involved in early secretory traffic in Arabidopsis and is required for plant growth.<\/strong><\/p>\n\n\n\n<p>J Exp Bot 68: 391-401<\/p>\n\n\n\n<hr class=\"wp-block-separator has-alpha-channel-opacity\"\/>\n\n\n\n<p>Gomez MD, Ventimilla D, Sacristan R, Perez-Amador MA (2016)<\/p>\n\n\n\n<p><strong>Gibberellins regulate ovule integument development by interfering with the transcription factor ATS<\/strong><\/p>\n\n\n\n<p>Plant Physiol 172: 2403-2415<\/p>\n\n\n\n<hr class=\"wp-block-separator has-alpha-channel-opacity\"\/>\n\n\n\n<p>Leida C, Dal R\u00ed A, Dalla Costa L, Gomez MD, Pompili V, Sonego P, Engelen K, Masuero D, R\u00edos G, Moser C (2016)<\/p>\n\n\n\n<p><strong>Insights into the Role of the Berry-Specific Ethylene Responsive Factor VviERF045<\/strong><\/p>\n\n\n\n<p>Front Plant Sci 7: 1793<\/p>\n","protected":false},"excerpt":{"rendered":"<p>If you prefer, you can check in https:\/\/orcid.org\/ for these numbers: 0000-0003-4518-35440000-0001-9445-20560000-0001-9755-7726 Barro-Trastoy D, G\u00f3mez MD, Tornero P, P\u00e9rez-Amador, MA [&hellip;]<\/p>\n","protected":false},"author":1,"featured_media":0,"parent":0,"menu_order":0,"comment_status":"closed","ping_status":"closed","template":"","meta":{"site-sidebar-layout":"default","site-content-layout":"","ast-site-content-layout":"default","site-content-style":"default","site-sidebar-style":"default","ast-global-header-display":"","ast-banner-title-visibility":"","ast-main-header-display":"","ast-hfb-above-header-display":"","ast-hfb-below-header-display":"","ast-hfb-mobile-header-display":"","site-post-title":"","ast-breadcrumbs-content":"","ast-featured-img":"","footer-sml-layout":"","ast-disable-related-posts":"","theme-transparent-header-meta":"","adv-header-id-meta":"","stick-header-meta":"","header-above-stick-meta":"","header-main-stick-meta":"","header-below-stick-meta":"","astra-migrate-meta-layouts":"default","ast-page-background-enabled":"default","ast-page-background-meta":{"desktop":{"background-color":"var(--ast-global-color-5)","background-image":"","background-repeat":"repeat","background-position":"center center","background-size":"auto","background-attachment":"scroll","background-type":"","background-media":"","overlay-type":"","overlay-color":"","overlay-opacity":"","overlay-gradient":""},"tablet":{"background-color":"","background-image":"","background-repeat":"repeat","background-position":"center center","background-size":"auto","background-attachment":"scroll","background-type":"","background-media":"","overlay-type":"","overlay-color":"","overlay-opacity":"","overlay-gradient":""},"mobile":{"background-color":"","background-image":"","background-repeat":"repeat","background-position":"center center","background-size":"auto","background-attachment":"scroll","background-type":"","background-media":"","overlay-type":"","overlay-color":"","overlay-opacity":"","overlay-gradient":""}},"ast-content-background-meta":{"desktop":{"background-color":"var(--ast-global-color-4)","background-image":"","background-repeat":"repeat","background-position":"center center","background-size":"auto","background-attachment":"scroll","background-type":"","background-media":"","overlay-type":"","overlay-color":"","overlay-opacity":"","overlay-gradient":""},"tablet":{"background-color":"var(--ast-global-color-4)","background-image":"","background-repeat":"repeat","background-position":"center center","background-size":"auto","background-attachment":"scroll","background-type":"","background-media":"","overlay-type":"","overlay-color":"","overlay-opacity":"","overlay-gradient":""},"mobile":{"background-color":"var(--ast-global-color-4)","background-image":"","background-repeat":"repeat","background-position":"center center","background-size":"auto","background-attachment":"scroll","background-type":"","background-media":"","overlay-type":"","overlay-color":"","overlay-opacity":"","overlay-gradient":""}},"footnotes":""},"class_list":["post-72","page","type-page","status-publish","hentry"],"_links":{"self":[{"href":"https:\/\/ovuleseed.webs.upv.es\/index.php?rest_route=\/wp\/v2\/pages\/72","targetHints":{"allow":["GET"]}}],"collection":[{"href":"https:\/\/ovuleseed.webs.upv.es\/index.php?rest_route=\/wp\/v2\/pages"}],"about":[{"href":"https:\/\/ovuleseed.webs.upv.es\/index.php?rest_route=\/wp\/v2\/types\/page"}],"author":[{"embeddable":true,"href":"https:\/\/ovuleseed.webs.upv.es\/index.php?rest_route=\/wp\/v2\/users\/1"}],"replies":[{"embeddable":true,"href":"https:\/\/ovuleseed.webs.upv.es\/index.php?rest_route=%2Fwp%2Fv2%2Fcomments&post=72"}],"version-history":[{"count":3,"href":"https:\/\/ovuleseed.webs.upv.es\/index.php?rest_route=\/wp\/v2\/pages\/72\/revisions"}],"predecessor-version":[{"id":164,"href":"https:\/\/ovuleseed.webs.upv.es\/index.php?rest_route=\/wp\/v2\/pages\/72\/revisions\/164"}],"wp:attachment":[{"href":"https:\/\/ovuleseed.webs.upv.es\/index.php?rest_route=%2Fwp%2Fv2%2Fmedia&parent=72"}],"curies":[{"name":"wp","href":"https:\/\/api.w.org\/{rel}","templated":true}]}}